{"id":91,"date":"2024-07-24T17:17:48","date_gmt":"2024-07-24T17:17:48","guid":{"rendered":"https:\/\/cal-robusto.onlinevalles.club\/?page_id=91"},"modified":"2024-07-25T02:06:35","modified_gmt":"2024-07-25T02:06:35","slug":"declaracion-de-accesibilidad","status":"publish","type":"page","link":"https:\/\/calrobusto.com\/en\/declaracion-de-accesibilidad\/","title":{"rendered":"Accessibility Statement"},"content":{"rendered":"\t\t<div data-elementor-type=\"wp-page\" data-elementor-id=\"91\" class=\"elementor elementor-91\" data-elementor-post-type=\"page\">\n\t\t\t\t<div class=\"elementor-element elementor-element-2459a9a0 e-flex e-con-boxed e-con e-parent\" data-id=\"2459a9a0\" data-element_type=\"container\" data-e-type=\"container\" data-settings=\"{&quot;background_background&quot;:&quot;classic&quot;}\">\n\t\t\t\t\t<div class=\"e-con-inner\">\n\t\t\t\t<div class=\"elementor-element elementor-element-78a52752 elementor-widget elementor-widget-heading\" data-id=\"78a52752\" data-element_type=\"widget\" data-e-type=\"widget\" data-widget_type=\"heading.default\">\n\t\t\t\t<div class=\"elementor-widget-container\">\n\t\t\t\t\t<h1 class=\"elementor-heading-title elementor-size-default\">Declaraci\u00f3n de accesibilidad<\/h1>\t\t\t\t<\/div>\n\t\t\t\t<\/div>\n\t\t\t\t\t<\/div>\n\t\t\t\t<\/div>\n\t\t<div class=\"elementor-element elementor-element-2471ac57 e-flex e-con-boxed e-con e-parent\" data-id=\"2471ac57\" data-element_type=\"container\" data-e-type=\"container\">\n\t\t\t\t\t<div class=\"e-con-inner\">\n\t\t<div class=\"elementor-element elementor-element-94d39a0 e-con-full e-flex e-con e-child\" data-id=\"94d39a0\" data-element_type=\"container\" data-e-type=\"container\">\n\t\t<div class=\"elementor-element elementor-element-6fdf65c2 e-con-full e-flex e-con e-child\" data-id=\"6fdf65c2\" data-element_type=\"container\" data-e-type=\"container\" data-settings=\"{&quot;sticky&quot;:&quot;top&quot;,&quot;sticky_parent&quot;:&quot;yes&quot;,&quot;sticky_offset&quot;:120,&quot;sticky_on&quot;:[&quot;desktop&quot;,&quot;tablet&quot;,&quot;mobile&quot;],&quot;sticky_effects_offset&quot;:0,&quot;sticky_anchor_link_offset&quot;:0}\">\n\t\t\t\t<div class=\"elementor-element elementor-element-33e13544 elementor-widget elementor-widget-heading\" data-id=\"33e13544\" data-element_type=\"widget\" data-e-type=\"widget\" data-widget_type=\"heading.default\">\n\t\t\t\t<div class=\"elementor-widget-container\">\n\t\t\t\t\t<div class=\"elementor-heading-title elementor-size-default\"><a href=\"https:\/\/calrobusto.com\/en\/aviso-legal\/\">Aviso Legal<\/a><\/div>\t\t\t\t<\/div>\n\t\t\t\t<\/div>\n\t\t\t\t<div class=\"elementor-element elementor-element-3abf1a13 elementor-widget elementor-widget-heading\" data-id=\"3abf1a13\" data-element_type=\"widget\" data-e-type=\"widget\" data-widget_type=\"heading.default\">\n\t\t\t\t<div class=\"elementor-widget-container\">\n\t\t\t\t\t<div class=\"elementor-heading-title elementor-size-default\"><a href=\"https:\/\/calrobusto.com\/en\/politicas-de-privacidad\/\">Pol\u00edticas de Privacidad<\/a><\/div>\t\t\t\t<\/div>\n\t\t\t\t<\/div>\n\t\t\t\t<div class=\"elementor-element elementor-element-6dc5f63 elementor-widget elementor-widget-heading\" data-id=\"6dc5f63\" data-element_type=\"widget\" data-e-type=\"widget\" data-widget_type=\"heading.default\">\n\t\t\t\t<div class=\"elementor-widget-container\">\n\t\t\t\t\t<div class=\"elementor-heading-title elementor-size-default\">Pol\u00edtica de Cookies<\/div>\t\t\t\t<\/div>\n\t\t\t\t<\/div>\n\t\t\t\t<div class=\"elementor-element elementor-element-5db41f11 elementor-widget elementor-widget-heading\" data-id=\"5db41f11\" data-element_type=\"widget\" data-e-type=\"widget\" data-widget_type=\"heading.default\">\n\t\t\t\t<div class=\"elementor-widget-container\">\n\t\t\t\t\t<div class=\"elementor-heading-title elementor-size-default\">Declaraci\u00f3n de accesibilidad<\/div>\t\t\t\t<\/div>\n\t\t\t\t<\/div>\n\t\t\t\t<\/div>\n\t\t\t\t<\/div>\n\t\t<div class=\"elementor-element elementor-element-179a4680 e-flex e-con-boxed e-con e-child\" data-id=\"179a4680\" data-element_type=\"container\" data-e-type=\"container\">\n\t\t\t\t\t<div class=\"e-con-inner\">\n\t\t\t\t<div class=\"elementor-element elementor-element-1b496255 elementor-widget elementor-widget-text-editor\" data-id=\"1b496255\" data-element_type=\"widget\" data-e-type=\"widget\" data-widget_type=\"text-editor.default\">\n\t\t\t\t<div class=\"elementor-widget-container\">\n\t\t\t\t\t\t\t\t\t<p><span style=\"font-weight: 400;\">Online Vall\u00e9s se ha comprometido a hacer accesible su sitio web, de conformidad con el Real Decreto 1112\/2018, de 7 de septiembre, sobre accesibilidad de los sitios web y aplicaciones para dispositivos m\u00f3viles del sector p\u00fablico.<\/span><\/p><p><span style=\"font-weight: 400;\">Esta declaraci\u00f3n de accesibilidad se aplica a esta web.<\/span><\/p><h2>Situaci\u00f3n de cumplimiento<\/h2><p><span style=\"font-weight: 400;\">Este sitio web est\u00e1 desarrollado de acuerdo con el RD 1112\/2018<\/span><\/p><h2>Preparaci\u00f3n para la siguiente declaraci\u00f3n de accesibilidad<\/h2><p><span style=\"font-weight: 400;\">Esta declaraci\u00f3n fue preparada el 20 de mayo de 2023.<\/span><\/p><p><span style=\"font-weight: 400;\">El m\u00e9todo empleado para preparar la declaraci\u00f3n ha sido una autoevaluaci\u00f3n.<\/span><\/p><h2>Observaciones y datos de contacto<\/h2><p><span style=\"font-weight: 400;\">Puede realizar comunicaciones sobre requisitos de accesibilidad (art\u00edculo 10.2.a del RD 1112\/2018) como:<\/span><\/p><ul><li style=\"font-weight: 400;\" aria-level=\"1\"><span style=\"font-weight: 400;\">Informar sobre cualquier posible incumplimiento por parte de este sitio web<\/span><\/li><li style=\"font-weight: 400;\" aria-level=\"1\"><span style=\"font-weight: 400;\">Transmitir otras dificultades de acceso al contenido<\/span><\/li><li style=\"font-weight: 400;\" aria-level=\"1\"><span style=\"font-weight: 400;\">Formular cualquier otra consulta o sugerencia de mejora relativa a la accesibilidad del sitio web a trav\u00e9s de formulario de contacto de este sitio web o a trav\u00e9s del n\u00famero de tel\u00e9fono 93 768 52 49<\/span><\/li><\/ul><p><span style=\"font-weight: 400;\">Puede presentar:<\/span><\/p><ul><li style=\"font-weight: 400;\" aria-level=\"1\"><span style=\"font-weight: 400;\">Queja relativa al cumplimiento de los requisitos del RD 1112\/2018<\/span><\/li><li style=\"font-weight: 400;\" aria-level=\"1\"><span style=\"font-weight: 400;\">Solicitud de informaci\u00f3n accesible relativa a:<\/span><ul><li style=\"font-weight: 400;\" aria-level=\"2\"><span style=\"font-weight: 400;\">Contenidos que est\u00e1n excluidos del \u00e1mbito de aplicaci\u00f3n del RD 1112\/2018 seg\u00fan lo que establece el art\u00edculo 3, apartado 4<\/span><\/li><li style=\"font-weight: 400;\" aria-level=\"2\"><span style=\"font-weight: 400;\">Contenidos que est\u00e1n exentos del cumplimiento de los requisitos de accesibilidad para imponer una carga desproporcionada<\/span><\/li><li style=\"font-weight: 400;\" aria-level=\"2\"><span style=\"font-weight: 400;\">En la Solicitud de informaci\u00f3n accesible, deben concretarse, con toda claridad, los hechos, las razones y la petici\u00f3n que permitan constatar que se trata de una solicitud razonable y leg\u00edtima.<\/span><\/li><\/ul><\/li><\/ul><p><span style=\"font-weight: 400;\">Las quejas y reclamaciones sobre informaci\u00f3n accesible se realizar\u00e1n a trav\u00e9s de la sede electr\u00f3nica (<\/span><a href=\"https:\/\/sede.red.gob.es\/procedimientos\/quejas-y-sugerencias\"><span style=\"font-weight: 400;\">https:\/\/sede.red.gob.es\/procedimientos\/quejas-y-sugerencias<\/span><\/a><span style=\"font-weight: 400;\">), y ser\u00e1n recibidas y tratadas por el \u00e1rea de Sistemas de la Informaci\u00f3n de Red.es.<\/span><\/p><h2>Contenido opcional<\/h2><ul><li style=\"font-weight: 400;\" aria-level=\"1\"><span style=\"font-weight: 400;\">Si desea cambiar el tama\u00f1o de letra del texto en los principales navegadores gr\u00e1ficos utilice los siguientes men\u00fas:<\/span><\/li><li style=\"font-weight: 400;\" aria-level=\"1\"><span style=\"font-weight: 400;\">Safari: Ver &gt; Hacer el texto m\u00e1s grande<\/span><\/li><li style=\"font-weight: 400;\" aria-level=\"1\"><span style=\"font-weight: 400;\">Chrome: Controla la p\u00e1gina actual &gt; Tama\u00f1o del texto<\/span><\/li><\/ul><p><span style=\"font-weight: 400;\">Para modificar el tama\u00f1o de todo en la p\u00e1gina:<\/span><\/p><ul><li style=\"font-weight: 400;\" aria-level=\"1\"><span style=\"font-weight: 400;\">Ctrl++ para aumentarlo<\/span><\/li><li style=\"font-weight: 400;\" aria-level=\"1\"><span style=\"font-weight: 400;\">Ctrl + \u2013 para disminuirlo<\/span><\/li><li style=\"font-weight: 400;\" aria-level=\"1\"><span style=\"font-weight: 400;\">Ctrl + 0 restaura el tama\u00f1o original del texto<\/span><\/li><li style=\"font-weight: 400;\" aria-level=\"1\"><span style=\"font-weight: 400;\">Si lo que desea es anular la hoja de estilos o modificar el color del texto, puede consultar la p\u00e1gina How to Change Text Size o Colores de la WAI, que se puede leer traducido al espa\u00f1ol en C\u00f3mo cambiar el tama\u00f1o del texto o colores?<\/span><\/li><\/ul>\t\t\t\t\t\t\t\t<\/div>\n\t\t\t\t<\/div>\n\t\t\t\t\t<\/div>\n\t\t\t\t<\/div>\n\t\t\t\t\t<\/div>\n\t\t\t\t<\/div>\n\t\t\t\t<\/div>\n\t\t","protected":false},"excerpt":{"rendered":"<p>Declaraci\u00f3n de accesibilidad Aviso Legal Pol\u00edticas de Privacidad Pol\u00edtica de Cookies Declaraci\u00f3n de accesibilidad Online Vall\u00e9s se ha comprometido a hacer accesible su sitio web, de conformidad con el Real Decreto 1112\/2018, de 7 de septiembre, sobre accesibilidad de los sitios web y aplicaciones para dispositivos m\u00f3viles del sector p\u00fablico. Esta declaraci\u00f3n de accesibilidad se [&hellip;]<\/p>\n","protected":false},"author":2,"featured_media":0,"parent":0,"menu_order":0,"comment_status":"closed","ping_status":"closed","template":"","meta":{"_acf_changed":false,"footnotes":""},"class_list":["post-91","page","type-page","status-publish","hentry"],"acf":[],"yoast_head":"<!-- This site is optimized with the Yoast SEO plugin v27.4 - https:\/\/yoast.com\/product\/yoast-seo-wordpress\/ -->\n<title>Declaraci\u00f3n de Accesibilidad - Cal Robusto<\/title>\n<meta name=\"robots\" content=\"index, follow, max-snippet:-1, max-image-preview:large, max-video-preview:-1\" \/>\n<link rel=\"canonical\" href=\"https:\/\/calrobusto.com\/en\/declaracion-de-accesibilidad\/\" \/>\n<meta property=\"og:locale\" content=\"en_GB\" \/>\n<meta property=\"og:type\" content=\"article\" \/>\n<meta property=\"og:title\" content=\"Declaraci\u00f3n de Accesibilidad - Cal Robusto\" \/>\n<meta property=\"og:description\" content=\"Declaraci\u00f3n de accesibilidad Aviso Legal Pol\u00edticas de Privacidad Pol\u00edtica de Cookies Declaraci\u00f3n de accesibilidad Online Vall\u00e9s se ha comprometido a hacer accesible su sitio web, de conformidad con el Real Decreto 1112\/2018, de 7 de septiembre, sobre accesibilidad de los sitios web y aplicaciones para dispositivos m\u00f3viles del sector p\u00fablico. Esta declaraci\u00f3n de accesibilidad se [&hellip;]\" \/>\n<meta property=\"og:url\" content=\"https:\/\/calrobusto.com\/en\/declaracion-de-accesibilidad\/\" \/>\n<meta property=\"og:site_name\" content=\"Cal Robusto\" \/>\n<meta property=\"article:modified_time\" content=\"2024-07-25T02:06:35+00:00\" \/>\n<meta property=\"og:image\" content=\"https:\/\/calrobusto.com\/wp-content\/uploads\/2025\/04\/820A8945-Verbessert-NR-Kopie.jpg\" \/>\n\t<meta property=\"og:image:width\" content=\"2560\" \/>\n\t<meta property=\"og:image:height\" content=\"1707\" \/>\n\t<meta property=\"og:image:type\" content=\"image\/jpeg\" \/>\n<meta name=\"twitter:card\" content=\"summary_large_image\" \/>\n<meta name=\"twitter:label1\" content=\"Estimated reading time\" \/>\n\t<meta name=\"twitter:data1\" content=\"2 minutes\" \/>\n<script type=\"application\/ld+json\" class=\"yoast-schema-graph\">{\"@context\":\"https:\\\/\\\/schema.org\",\"@graph\":[{\"@type\":\"WebPage\",\"@id\":\"https:\\\/\\\/calrobusto.com\\\/declaracion-de-accesibilidad\\\/\",\"url\":\"https:\\\/\\\/calrobusto.com\\\/declaracion-de-accesibilidad\\\/\",\"name\":\"Declaraci\u00f3n de Accesibilidad - Cal Robusto\",\"isPartOf\":{\"@id\":\"https:\\\/\\\/calrobusto.com\\\/#website\"},\"datePublished\":\"2024-07-24T17:17:48+00:00\",\"dateModified\":\"2024-07-25T02:06:35+00:00\",\"breadcrumb\":{\"@id\":\"https:\\\/\\\/calrobusto.com\\\/declaracion-de-accesibilidad\\\/#breadcrumb\"},\"inLanguage\":\"en-GB\",\"potentialAction\":[{\"@type\":\"ReadAction\",\"target\":[\"https:\\\/\\\/calrobusto.com\\\/declaracion-de-accesibilidad\\\/\"]}]},{\"@type\":\"BreadcrumbList\",\"@id\":\"https:\\\/\\\/calrobusto.com\\\/declaracion-de-accesibilidad\\\/#breadcrumb\",\"itemListElement\":[{\"@type\":\"ListItem\",\"position\":1,\"name\":\"Portada\",\"item\":\"https:\\\/\\\/calrobusto.com\\\/\"},{\"@type\":\"ListItem\",\"position\":2,\"name\":\"Declaraci\u00f3n de Accesibilidad\"}]},{\"@type\":\"WebSite\",\"@id\":\"https:\\\/\\\/calrobusto.com\\\/#website\",\"url\":\"https:\\\/\\\/calrobusto.com\\\/\",\"name\":\"Cal Robusto\",\"description\":\"\",\"publisher\":{\"@id\":\"https:\\\/\\\/calrobusto.com\\\/#organization\"},\"potentialAction\":[{\"@type\":\"SearchAction\",\"target\":{\"@type\":\"EntryPoint\",\"urlTemplate\":\"https:\\\/\\\/calrobusto.com\\\/?s={search_term_string}\"},\"query-input\":{\"@type\":\"PropertyValueSpecification\",\"valueRequired\":true,\"valueName\":\"search_term_string\"}}],\"inLanguage\":\"en-GB\"},{\"@type\":\"Organization\",\"@id\":\"https:\\\/\\\/calrobusto.com\\\/#organization\",\"name\":\"Cal Robusto\",\"url\":\"https:\\\/\\\/calrobusto.com\\\/\",\"logo\":{\"@type\":\"ImageObject\",\"inLanguage\":\"en-GB\",\"@id\":\"https:\\\/\\\/calrobusto.com\\\/#\\\/schema\\\/logo\\\/image\\\/\",\"url\":\"https:\\\/\\\/calrobusto.com\\\/wp-content\\\/uploads\\\/2024\\\/07\\\/CAL-ROBUSTO-logo-blanco.png\",\"contentUrl\":\"https:\\\/\\\/calrobusto.com\\\/wp-content\\\/uploads\\\/2024\\\/07\\\/CAL-ROBUSTO-logo-blanco.png\",\"width\":2826,\"height\":2022,\"caption\":\"Cal Robusto\"},\"image\":{\"@id\":\"https:\\\/\\\/calrobusto.com\\\/#\\\/schema\\\/logo\\\/image\\\/\"}}]}<\/script>\n<!-- \/ Yoast SEO plugin. -->","yoast_head_json":{"title":"Declaraci\u00f3n de Accesibilidad - Cal Robusto","robots":{"index":"index","follow":"follow","max-snippet":"max-snippet:-1","max-image-preview":"max-image-preview:large","max-video-preview":"max-video-preview:-1"},"canonical":"https:\/\/calrobusto.com\/en\/declaracion-de-accesibilidad\/","og_locale":"en_GB","og_type":"article","og_title":"Declaraci\u00f3n de Accesibilidad - Cal Robusto","og_description":"Declaraci\u00f3n de accesibilidad Aviso Legal Pol\u00edticas de Privacidad Pol\u00edtica de Cookies Declaraci\u00f3n de accesibilidad Online Vall\u00e9s se ha comprometido a hacer accesible su sitio web, de conformidad con el Real Decreto 1112\/2018, de 7 de septiembre, sobre accesibilidad de los sitios web y aplicaciones para dispositivos m\u00f3viles del sector p\u00fablico. Esta declaraci\u00f3n de accesibilidad se [&hellip;]","og_url":"https:\/\/calrobusto.com\/en\/declaracion-de-accesibilidad\/","og_site_name":"Cal Robusto","article_modified_time":"2024-07-25T02:06:35+00:00","og_image":[{"width":2560,"height":1707,"url":"https:\/\/calrobusto.com\/wp-content\/uploads\/2025\/04\/820A8945-Verbessert-NR-Kopie.jpg","type":"image\/jpeg"}],"twitter_card":"summary_large_image","twitter_misc":{"Estimated reading time":"2 minutes"},"schema":{"@context":"https:\/\/schema.org","@graph":[{"@type":"WebPage","@id":"https:\/\/calrobusto.com\/declaracion-de-accesibilidad\/","url":"https:\/\/calrobusto.com\/declaracion-de-accesibilidad\/","name":"Declaraci\u00f3n de Accesibilidad - Cal Robusto","isPartOf":{"@id":"https:\/\/calrobusto.com\/#website"},"datePublished":"2024-07-24T17:17:48+00:00","dateModified":"2024-07-25T02:06:35+00:00","breadcrumb":{"@id":"https:\/\/calrobusto.com\/declaracion-de-accesibilidad\/#breadcrumb"},"inLanguage":"en-GB","potentialAction":[{"@type":"ReadAction","target":["https:\/\/calrobusto.com\/declaracion-de-accesibilidad\/"]}]},{"@type":"BreadcrumbList","@id":"https:\/\/calrobusto.com\/declaracion-de-accesibilidad\/#breadcrumb","itemListElement":[{"@type":"ListItem","position":1,"name":"Portada","item":"https:\/\/calrobusto.com\/"},{"@type":"ListItem","position":2,"name":"Declaraci\u00f3n de Accesibilidad"}]},{"@type":"WebSite","@id":"https:\/\/calrobusto.com\/#website","url":"https:\/\/calrobusto.com\/","name":"Cal Robusto","description":"","publisher":{"@id":"https:\/\/calrobusto.com\/#organization"},"potentialAction":[{"@type":"SearchAction","target":{"@type":"EntryPoint","urlTemplate":"https:\/\/calrobusto.com\/?s={search_term_string}"},"query-input":{"@type":"PropertyValueSpecification","valueRequired":true,"valueName":"search_term_string"}}],"inLanguage":"en-GB"},{"@type":"Organization","@id":"https:\/\/calrobusto.com\/#organization","name":"Cal Robusto","url":"https:\/\/calrobusto.com\/","logo":{"@type":"ImageObject","inLanguage":"en-GB","@id":"https:\/\/calrobusto.com\/#\/schema\/logo\/image\/","url":"https:\/\/calrobusto.com\/wp-content\/uploads\/2024\/07\/CAL-ROBUSTO-logo-blanco.png","contentUrl":"https:\/\/calrobusto.com\/wp-content\/uploads\/2024\/07\/CAL-ROBUSTO-logo-blanco.png","width":2826,"height":2022,"caption":"Cal Robusto"},"image":{"@id":"https:\/\/calrobusto.com\/#\/schema\/logo\/image\/"}}]}},"_links":{"self":[{"href":"https:\/\/calrobusto.com\/en\/wp-json\/wp\/v2\/pages\/91","targetHints":{"allow":["GET"]}}],"collection":[{"href":"https:\/\/calrobusto.com\/en\/wp-json\/wp\/v2\/pages"}],"about":[{"href":"https:\/\/calrobusto.com\/en\/wp-json\/wp\/v2\/types\/page"}],"author":[{"embeddable":true,"href":"https:\/\/calrobusto.com\/en\/wp-json\/wp\/v2\/users\/2"}],"replies":[{"embeddable":true,"href":"https:\/\/calrobusto.com\/en\/wp-json\/wp\/v2\/comments?post=91"}],"version-history":[{"count":10,"href":"https:\/\/calrobusto.com\/en\/wp-json\/wp\/v2\/pages\/91\/revisions"}],"predecessor-version":[{"id":418,"href":"https:\/\/calrobusto.com\/en\/wp-json\/wp\/v2\/pages\/91\/revisions\/418"}],"wp:attachment":[{"href":"https:\/\/calrobusto.com\/en\/wp-json\/wp\/v2\/media?parent=91"}],"curies":[{"name":"wp","href":"https:\/\/api.w.org\/{rel}","templated":true}]}}