{"id":87,"date":"2024-07-24T17:17:20","date_gmt":"2024-07-24T17:17:20","guid":{"rendered":"https:\/\/cal-robusto.onlinevalles.club\/?page_id=87"},"modified":"2024-07-25T12:25:01","modified_gmt":"2024-07-25T12:25:01","slug":"politicas-de-privacidad","status":"publish","type":"page","link":"https:\/\/calrobusto.com\/en\/politicas-de-privacidad\/","title":{"rendered":"Privacy Policies"},"content":{"rendered":"\t\t<div data-elementor-type=\"wp-page\" data-elementor-id=\"87\" class=\"elementor elementor-87\" data-elementor-post-type=\"page\">\n\t\t\t\t<div class=\"elementor-element elementor-element-31809f66 e-flex e-con-boxed e-con e-parent\" data-id=\"31809f66\" data-element_type=\"container\" data-e-type=\"container\" data-settings=\"{&quot;background_background&quot;:&quot;classic&quot;}\">\n\t\t\t\t\t<div class=\"e-con-inner\">\n\t\t\t\t<div class=\"elementor-element elementor-element-5ffa7906 elementor-widget elementor-widget-heading\" data-id=\"5ffa7906\" data-element_type=\"widget\" data-e-type=\"widget\" data-widget_type=\"heading.default\">\n\t\t\t\t<div class=\"elementor-widget-container\">\n\t\t\t\t\t<h1 class=\"elementor-heading-title elementor-size-default\">Pol\u00edtica de Privacidad<\/h1>\t\t\t\t<\/div>\n\t\t\t\t<\/div>\n\t\t\t\t\t<\/div>\n\t\t\t\t<\/div>\n\t\t<div class=\"elementor-element elementor-element-1c94b601 e-flex e-con-boxed e-con e-parent\" data-id=\"1c94b601\" data-element_type=\"container\" data-e-type=\"container\">\n\t\t\t\t\t<div class=\"e-con-inner\">\n\t\t<div class=\"elementor-element elementor-element-3da7060b e-con-full e-flex e-con e-child\" data-id=\"3da7060b\" data-element_type=\"container\" data-e-type=\"container\">\n\t\t<div class=\"elementor-element elementor-element-348f4fb1 e-con-full e-flex e-con e-child\" data-id=\"348f4fb1\" data-element_type=\"container\" data-e-type=\"container\" data-settings=\"{&quot;sticky&quot;:&quot;top&quot;,&quot;sticky_parent&quot;:&quot;yes&quot;,&quot;sticky_offset&quot;:150,&quot;sticky_on&quot;:[&quot;desktop&quot;,&quot;tablet&quot;,&quot;mobile&quot;],&quot;sticky_effects_offset&quot;:0,&quot;sticky_anchor_link_offset&quot;:0}\">\n\t\t\t\t<div class=\"elementor-element elementor-element-305294bc elementor-widget elementor-widget-heading\" data-id=\"305294bc\" data-element_type=\"widget\" data-e-type=\"widget\" data-widget_type=\"heading.default\">\n\t\t\t\t<div class=\"elementor-widget-container\">\n\t\t\t\t\t<div class=\"elementor-heading-title elementor-size-default\"><a href=\"https:\/\/calrobusto.com\/en\/aviso-legal\/\">Aviso Legal<\/a><\/div>\t\t\t\t<\/div>\n\t\t\t\t<\/div>\n\t\t\t\t<div class=\"elementor-element elementor-element-563636d1 elementor-widget elementor-widget-heading\" data-id=\"563636d1\" data-element_type=\"widget\" data-e-type=\"widget\" data-widget_type=\"heading.default\">\n\t\t\t\t<div class=\"elementor-widget-container\">\n\t\t\t\t\t<div class=\"elementor-heading-title elementor-size-default\">Pol\u00edtica de Privacidad<\/div>\t\t\t\t<\/div>\n\t\t\t\t<\/div>\n\t\t\t\t<div class=\"elementor-element elementor-element-5b37159 elementor-widget elementor-widget-heading\" data-id=\"5b37159\" data-element_type=\"widget\" data-e-type=\"widget\" data-widget_type=\"heading.default\">\n\t\t\t\t<div class=\"elementor-widget-container\">\n\t\t\t\t\t<div class=\"elementor-heading-title elementor-size-default\">Pol\u00edtica de Cookies<\/div>\t\t\t\t<\/div>\n\t\t\t\t<\/div>\n\t\t\t\t<div class=\"elementor-element elementor-element-1f58dfff elementor-widget elementor-widget-heading\" data-id=\"1f58dfff\" data-element_type=\"widget\" data-e-type=\"widget\" data-widget_type=\"heading.default\">\n\t\t\t\t<div class=\"elementor-widget-container\">\n\t\t\t\t\t<div class=\"elementor-heading-title elementor-size-default\"><a href=\"https:\/\/calrobusto.com\/en\/declaracion-de-accesibilidad\/\">Declaraci\u00f3n de Accesibilidad<\/a><\/div>\t\t\t\t<\/div>\n\t\t\t\t<\/div>\n\t\t\t\t<\/div>\n\t\t\t\t<\/div>\n\t\t<div class=\"elementor-element elementor-element-6158e4c5 e-flex e-con-boxed e-con e-child\" data-id=\"6158e4c5\" data-element_type=\"container\" data-e-type=\"container\">\n\t\t\t\t\t<div class=\"e-con-inner\">\n\t\t\t\t<div class=\"elementor-element elementor-element-2576e0c3 elementor-widget elementor-widget-text-editor\" data-id=\"2576e0c3\" data-element_type=\"widget\" data-e-type=\"widget\" data-widget_type=\"text-editor.default\">\n\t\t\t\t<div class=\"elementor-widget-container\">\n\t\t\t\t\t\t\t\t\t<h2>1.- Informaci\u00f3n al usuario<\/h2>\n<p>El sitio web informa a los usuarios del sitio web sobre su pol\u00edtica respecto al tratamiento y protecci\u00f3n de los datos de car\u00e1cter personal de los usuarios y clientes que puedan ser solicitados por la navegaci\u00f3n a trav\u00e9s de su sitio web.<\/p>\n<p>El sitio web es el Responsable del tratamiento de los datos personales del usuario, por lo que se le facilita la siguiente informaci\u00f3n referente al tratamiento de sus datos:<\/p>\n<p><strong>Criterios de conservaci\u00f3n de los datos<\/strong>&nbsp;: Los datos personales proporcionados se conservar\u00e1n hasta que no se solicite la suspensi\u00f3n por parte del interesado, ejerciendo sus derechos sobre los datos, y en cualquier caso en cumplimiento de plazos legales de prescripci\u00f3n que le sean aplicables.<\/p>\n<p><strong>Derechos de los interesados<\/strong>&nbsp;:<\/p>\n<ul>\n<li>Derecho a retirar su consentimiento en cualquier momento.<\/li>\n<li>Derecho de acceso, rectificaci\u00f3n, supresi\u00f3n, portabilidad de sus datos ya la limitaci\u00f3n u oposici\u00f3n de su tratamiento, as\u00ed como no ser objeto de decisiones individuales automatizadas.<\/li>\n<\/ul>\n<p><strong>Datos de contacto para ejercer sus derechos<\/strong>&nbsp;:<\/p>\n<p>Se debe identificar debidamente y solicitar claramente el derecho de ejercer.<\/p>\n<ul>\n<li><li>Web: www.calrobusto.com<\/li><li>Nombre: LAURA YANES ARMAS&nbsp;<\/li><li>NIF: 78623317W<\/li><li>Direcci\u00f3n: BARRI BASEIA N 3 MACIA CALROBUSTO 17469 SIURANA DE EMPORDA (GIRONA)<\/li><li>Tel\u00e9fono: 648940163<\/li><li>Mail: laura@calrobusto.com<\/li><\/li>\n<\/ul>\n<h2>2.- Informaci\u00f3n facilitada por el usuario<\/h2>\n<p>Si es menor de 18 a\u00f1os no est\u00e1 permitido el uso de formularios en nuestra web.<\/p>\n<p>Los Usuarios, introduciendo sus datos en los formularios de contacto o presentados en formularios de descarga, aceptan expresamente y de forma libre e inequ\u00edvoca, que sus datos son necesarios para atender su petici\u00f3n, por parte del Responsable, siendo voluntaria la inclusi\u00f3n de datos en los campos restantes.<\/p>\n<p>El Usuario garantiza que los datos personales facilitados son veraces y se hace responsable de comunicar cualquier modificaci\u00f3n.<\/p>\n<p>Todos los datos solicitados a trav\u00e9s del sitio web son necesarios para prestar un servicio \u00f3ptimo al Usuario.&nbsp;En caso de que no sean facilitados todos los datos, no se garantiza que la informaci\u00f3n y servicios que El Responsable le facilite, sean completamente ajustados a sus necesidades.<\/p>\n<h2>3.- Medidas de seguridad<\/h2>\n<p>Que de conformidad con lo que disponen las normativas vigentes en materia de protecci\u00f3n de datos personales, El Responsable est\u00e1 cumpliendo con todas las disposiciones de las normativas RGPD y LOPD para el tratamiento de los datos personales de su responsabilidad, las cuales son tratadas de forma l\u00edcita, leal y transparente en relaci\u00f3n con el interesado y adecuados, pertinentes y limitados a lo necesario en relaci\u00f3n con los fines para los que son tratados.<\/p>\n<p>El Responsable garantiza que ha implementado pol\u00edticas t\u00e9cnicas y organizativas apropiadas para aplicar las medidas de seguridad que establecen el RGPD y la LOPD para proteger los derechos y libertades de los Usuarios y les ha comunicado la informaci\u00f3n adecuada para que puedan ejercerlos.<\/p>\n<h2>4.- Brechas de seguridad<\/h2>\n<p>El Responsable informar\u00e1 sobre cualquier brecha de seguridad que afecte a la base de datos que utiliza este sitio web, o que afecte a cualquiera de nuestros servicios de terceros, todas y cada una de las personas, datos de los que puedan haber sido afectados, y autoridades, dentro de las 72 horas siguientes a la detecci\u00f3n de la brecha.<\/p>\n<h2>Legislaci\u00f3n aplicable y jurisdicci\u00f3n<\/h2>\n<p>Para la resoluci\u00f3n de todas las controversias o cuestiones relacionadas con el presente sitio web o de las actividades que se desarrollen, ser\u00e1 de aplicaci\u00f3n la legislaci\u00f3n espa\u00f1ola, a la que se someten expresamente las partes, siendo competentes para la resoluci\u00f3n de todos los conflictos derivados o relacionados con el uso de los Juzgados y Tribunales de Barcelona.<\/p>\t\t\t\t\t\t\t\t<\/div>\n\t\t\t\t<\/div>\n\t\t\t\t\t<\/div>\n\t\t\t\t<\/div>\n\t\t\t\t\t<\/div>\n\t\t\t\t<\/div>\n\t\t\t\t<\/div>\n\t\t","protected":false},"excerpt":{"rendered":"<p>Pol\u00edtica de Privacidad Aviso Legal Pol\u00edtica de Privacidad Pol\u00edtica de Cookies Declaraci\u00f3n de Accesibilidad 1.- Informaci\u00f3n al usuario El sitio web informa a los usuarios del sitio web sobre su pol\u00edtica respecto al tratamiento y protecci\u00f3n de los datos de car\u00e1cter personal de los usuarios y clientes que puedan ser solicitados por la navegaci\u00f3n a [&hellip;]<\/p>\n","protected":false},"author":2,"featured_media":0,"parent":0,"menu_order":0,"comment_status":"closed","ping_status":"closed","template":"","meta":{"_acf_changed":false,"footnotes":""},"class_list":["post-87","page","type-page","status-publish","hentry"],"acf":[],"yoast_head":"<!-- This site is optimized with the Yoast SEO plugin v27.4 - https:\/\/yoast.com\/product\/yoast-seo-wordpress\/ -->\n<title>Pol\u00edticas de Privacidad - Cal Robusto<\/title>\n<meta name=\"robots\" content=\"index, follow, max-snippet:-1, max-image-preview:large, max-video-preview:-1\" \/>\n<link rel=\"canonical\" href=\"https:\/\/calrobusto.com\/en\/politicas-de-privacidad\/\" \/>\n<meta property=\"og:locale\" content=\"en_GB\" \/>\n<meta property=\"og:type\" content=\"article\" \/>\n<meta property=\"og:title\" content=\"Pol\u00edticas de Privacidad - Cal Robusto\" \/>\n<meta property=\"og:description\" content=\"Pol\u00edtica de Privacidad Aviso Legal Pol\u00edtica de Privacidad Pol\u00edtica de Cookies Declaraci\u00f3n de Accesibilidad 1.- Informaci\u00f3n al usuario El sitio web informa a los usuarios del sitio web sobre su pol\u00edtica respecto al tratamiento y protecci\u00f3n de los datos de car\u00e1cter personal de los usuarios y clientes que puedan ser solicitados por la navegaci\u00f3n a [&hellip;]\" \/>\n<meta property=\"og:url\" content=\"https:\/\/calrobusto.com\/en\/politicas-de-privacidad\/\" \/>\n<meta property=\"og:site_name\" content=\"Cal Robusto\" \/>\n<meta property=\"article:modified_time\" content=\"2024-07-25T12:25:01+00:00\" \/>\n<meta property=\"og:image\" content=\"https:\/\/calrobusto.com\/wp-content\/uploads\/2025\/04\/820A8945-Verbessert-NR-Kopie.jpg\" \/>\n\t<meta property=\"og:image:width\" content=\"2560\" \/>\n\t<meta property=\"og:image:height\" content=\"1707\" \/>\n\t<meta property=\"og:image:type\" content=\"image\/jpeg\" \/>\n<meta name=\"twitter:card\" content=\"summary_large_image\" \/>\n<meta name=\"twitter:label1\" content=\"Estimated reading time\" \/>\n\t<meta name=\"twitter:data1\" content=\"3 minutes\" \/>\n<script type=\"application\/ld+json\" class=\"yoast-schema-graph\">{\"@context\":\"https:\\\/\\\/schema.org\",\"@graph\":[{\"@type\":\"WebPage\",\"@id\":\"https:\\\/\\\/calrobusto.com\\\/politicas-de-privacidad\\\/\",\"url\":\"https:\\\/\\\/calrobusto.com\\\/politicas-de-privacidad\\\/\",\"name\":\"Pol\u00edticas de Privacidad - Cal Robusto\",\"isPartOf\":{\"@id\":\"https:\\\/\\\/calrobusto.com\\\/#website\"},\"datePublished\":\"2024-07-24T17:17:20+00:00\",\"dateModified\":\"2024-07-25T12:25:01+00:00\",\"breadcrumb\":{\"@id\":\"https:\\\/\\\/calrobusto.com\\\/politicas-de-privacidad\\\/#breadcrumb\"},\"inLanguage\":\"en-GB\",\"potentialAction\":[{\"@type\":\"ReadAction\",\"target\":[\"https:\\\/\\\/calrobusto.com\\\/politicas-de-privacidad\\\/\"]}]},{\"@type\":\"BreadcrumbList\",\"@id\":\"https:\\\/\\\/calrobusto.com\\\/politicas-de-privacidad\\\/#breadcrumb\",\"itemListElement\":[{\"@type\":\"ListItem\",\"position\":1,\"name\":\"Portada\",\"item\":\"https:\\\/\\\/calrobusto.com\\\/\"},{\"@type\":\"ListItem\",\"position\":2,\"name\":\"Pol\u00edticas de Privacidad\"}]},{\"@type\":\"WebSite\",\"@id\":\"https:\\\/\\\/calrobusto.com\\\/#website\",\"url\":\"https:\\\/\\\/calrobusto.com\\\/\",\"name\":\"Cal Robusto\",\"description\":\"\",\"publisher\":{\"@id\":\"https:\\\/\\\/calrobusto.com\\\/#organization\"},\"potentialAction\":[{\"@type\":\"SearchAction\",\"target\":{\"@type\":\"EntryPoint\",\"urlTemplate\":\"https:\\\/\\\/calrobusto.com\\\/?s={search_term_string}\"},\"query-input\":{\"@type\":\"PropertyValueSpecification\",\"valueRequired\":true,\"valueName\":\"search_term_string\"}}],\"inLanguage\":\"en-GB\"},{\"@type\":\"Organization\",\"@id\":\"https:\\\/\\\/calrobusto.com\\\/#organization\",\"name\":\"Cal Robusto\",\"url\":\"https:\\\/\\\/calrobusto.com\\\/\",\"logo\":{\"@type\":\"ImageObject\",\"inLanguage\":\"en-GB\",\"@id\":\"https:\\\/\\\/calrobusto.com\\\/#\\\/schema\\\/logo\\\/image\\\/\",\"url\":\"https:\\\/\\\/calrobusto.com\\\/wp-content\\\/uploads\\\/2024\\\/07\\\/CAL-ROBUSTO-logo-blanco.png\",\"contentUrl\":\"https:\\\/\\\/calrobusto.com\\\/wp-content\\\/uploads\\\/2024\\\/07\\\/CAL-ROBUSTO-logo-blanco.png\",\"width\":2826,\"height\":2022,\"caption\":\"Cal Robusto\"},\"image\":{\"@id\":\"https:\\\/\\\/calrobusto.com\\\/#\\\/schema\\\/logo\\\/image\\\/\"}}]}<\/script>\n<!-- \/ Yoast SEO plugin. -->","yoast_head_json":{"title":"Pol\u00edticas de Privacidad - Cal Robusto","robots":{"index":"index","follow":"follow","max-snippet":"max-snippet:-1","max-image-preview":"max-image-preview:large","max-video-preview":"max-video-preview:-1"},"canonical":"https:\/\/calrobusto.com\/en\/politicas-de-privacidad\/","og_locale":"en_GB","og_type":"article","og_title":"Pol\u00edticas de Privacidad - Cal Robusto","og_description":"Pol\u00edtica de Privacidad Aviso Legal Pol\u00edtica de Privacidad Pol\u00edtica de Cookies Declaraci\u00f3n de Accesibilidad 1.- Informaci\u00f3n al usuario El sitio web informa a los usuarios del sitio web sobre su pol\u00edtica respecto al tratamiento y protecci\u00f3n de los datos de car\u00e1cter personal de los usuarios y clientes que puedan ser solicitados por la navegaci\u00f3n a [&hellip;]","og_url":"https:\/\/calrobusto.com\/en\/politicas-de-privacidad\/","og_site_name":"Cal Robusto","article_modified_time":"2024-07-25T12:25:01+00:00","og_image":[{"width":2560,"height":1707,"url":"https:\/\/calrobusto.com\/wp-content\/uploads\/2025\/04\/820A8945-Verbessert-NR-Kopie.jpg","type":"image\/jpeg"}],"twitter_card":"summary_large_image","twitter_misc":{"Estimated reading time":"3 minutes"},"schema":{"@context":"https:\/\/schema.org","@graph":[{"@type":"WebPage","@id":"https:\/\/calrobusto.com\/politicas-de-privacidad\/","url":"https:\/\/calrobusto.com\/politicas-de-privacidad\/","name":"Pol\u00edticas de Privacidad - Cal Robusto","isPartOf":{"@id":"https:\/\/calrobusto.com\/#website"},"datePublished":"2024-07-24T17:17:20+00:00","dateModified":"2024-07-25T12:25:01+00:00","breadcrumb":{"@id":"https:\/\/calrobusto.com\/politicas-de-privacidad\/#breadcrumb"},"inLanguage":"en-GB","potentialAction":[{"@type":"ReadAction","target":["https:\/\/calrobusto.com\/politicas-de-privacidad\/"]}]},{"@type":"BreadcrumbList","@id":"https:\/\/calrobusto.com\/politicas-de-privacidad\/#breadcrumb","itemListElement":[{"@type":"ListItem","position":1,"name":"Portada","item":"https:\/\/calrobusto.com\/"},{"@type":"ListItem","position":2,"name":"Pol\u00edticas de Privacidad"}]},{"@type":"WebSite","@id":"https:\/\/calrobusto.com\/#website","url":"https:\/\/calrobusto.com\/","name":"Cal Robusto","description":"","publisher":{"@id":"https:\/\/calrobusto.com\/#organization"},"potentialAction":[{"@type":"SearchAction","target":{"@type":"EntryPoint","urlTemplate":"https:\/\/calrobusto.com\/?s={search_term_string}"},"query-input":{"@type":"PropertyValueSpecification","valueRequired":true,"valueName":"search_term_string"}}],"inLanguage":"en-GB"},{"@type":"Organization","@id":"https:\/\/calrobusto.com\/#organization","name":"Cal Robusto","url":"https:\/\/calrobusto.com\/","logo":{"@type":"ImageObject","inLanguage":"en-GB","@id":"https:\/\/calrobusto.com\/#\/schema\/logo\/image\/","url":"https:\/\/calrobusto.com\/wp-content\/uploads\/2024\/07\/CAL-ROBUSTO-logo-blanco.png","contentUrl":"https:\/\/calrobusto.com\/wp-content\/uploads\/2024\/07\/CAL-ROBUSTO-logo-blanco.png","width":2826,"height":2022,"caption":"Cal Robusto"},"image":{"@id":"https:\/\/calrobusto.com\/#\/schema\/logo\/image\/"}}]}},"_links":{"self":[{"href":"https:\/\/calrobusto.com\/en\/wp-json\/wp\/v2\/pages\/87","targetHints":{"allow":["GET"]}}],"collection":[{"href":"https:\/\/calrobusto.com\/en\/wp-json\/wp\/v2\/pages"}],"about":[{"href":"https:\/\/calrobusto.com\/en\/wp-json\/wp\/v2\/types\/page"}],"author":[{"embeddable":true,"href":"https:\/\/calrobusto.com\/en\/wp-json\/wp\/v2\/users\/2"}],"replies":[{"embeddable":true,"href":"https:\/\/calrobusto.com\/en\/wp-json\/wp\/v2\/comments?post=87"}],"version-history":[{"count":10,"href":"https:\/\/calrobusto.com\/en\/wp-json\/wp\/v2\/pages\/87\/revisions"}],"predecessor-version":[{"id":426,"href":"https:\/\/calrobusto.com\/en\/wp-json\/wp\/v2\/pages\/87\/revisions\/426"}],"wp:attachment":[{"href":"https:\/\/calrobusto.com\/en\/wp-json\/wp\/v2\/media?parent=87"}],"curies":[{"name":"wp","href":"https:\/\/api.w.org\/{rel}","templated":true}]}}